{"id":16,"date":"2023-07-10T13:32:10","date_gmt":"2023-07-10T13:32:10","guid":{"rendered":"https:\/\/novotel-gaziantep.accorv2prod.decms.eu\/?page_id=16"},"modified":"2023-07-10T13:41:37","modified_gmt":"2023-07-10T13:41:37","slug":"odalar-suitler","status":"publish","type":"page","link":"https:\/\/www.novotelgaziantep.com\/tr\/odalar-suitler\/","title":{"rendered":"Odalar &#038; Suitler"},"content":{"rendered":"<p>Modern dekorun ve ergonomik konforun keyfini \u00e7\u0131kar\u0131n, Novotel Gaziantep Rooms &amp; Suites ferah ve konaklamalar\u0131n\u0131z i\u00e7in g\u00fczel bir \u015fekilde tasarlanm\u0131\u015ft\u0131r.<\/p>\n","protected":false},"excerpt":{"rendered":"<p>Modern dekorun ve ergonomik konforun keyfini \u00e7\u0131kar\u0131n, Novotel Gaziantep Rooms &amp; Suites ferah ve konaklamalar\u0131n\u0131z i\u00e7in g\u00fczel bir \u015fekilde tasarlanm\u0131\u015ft\u0131r.<\/p>\n","protected":false},"author":3,"featured_media":0,"parent":0,"menu_order":5,"comment_status":"closed","ping_status":"closed","template":"template-rooms.php","meta":{"footnotes":""},"categories":[],"class_list":["post-16","page","type-page","status-publish","hentry"],"acf":[],"yoast_head":"<!-- This site is optimized with the Yoast SEO plugin v26.9 - https:\/\/yoast.com\/product\/yoast-seo-wordpress\/ -->\n<title>Odalar &amp; Suitler - Novotel Gaziantep<\/title>\n<meta name=\"description\" content=\"Modern dekorun ve ergonomik konforun keyfini \u00e7\u0131kar\u0131n, Novotel Gaziantep Rooms &amp; Suites ferah ve konaklamalar\u0131n\u0131z i\u00e7in g\u00fczel bir \u015fekilde tasarlanm\u0131\u015ft\u0131r..\" \/>\n<meta name=\"robots\" content=\"index, follow, max-snippet:-1, max-image-preview:large, max-video-preview:-1\" \/>\n<link rel=\"canonical\" href=\"https:\/\/www.novotelgaziantep.com\/tr\/odalar-suitler\/\" \/>\n<meta property=\"og:locale\" content=\"tr_TR\" \/>\n<meta property=\"og:type\" content=\"article\" \/>\n<meta property=\"og:title\" content=\"Odalar &amp; Suitler - Novotel Gaziantep\" \/>\n<meta property=\"og:description\" content=\"Modern dekorun ve ergonomik konforun keyfini \u00e7\u0131kar\u0131n, Novotel Gaziantep Rooms &amp; Suites ferah ve konaklamalar\u0131n\u0131z i\u00e7in g\u00fczel bir \u015fekilde tasarlanm\u0131\u015ft\u0131r..\" \/>\n<meta property=\"og:url\" content=\"https:\/\/www.novotelgaziantep.com\/tr\/odalar-suitler\/\" \/>\n<meta property=\"og:site_name\" content=\"Novotel Gaziantep\" \/>\n<meta property=\"article:modified_time\" content=\"2023-07-10T13:41:37+00:00\" \/>\n<meta name=\"twitter:card\" content=\"summary_large_image\" \/>\n<script type=\"application\/ld+json\" class=\"yoast-schema-graph\">{\"@context\":\"https:\/\/schema.org\",\"@graph\":[{\"@type\":\"WebPage\",\"@id\":\"https:\/\/www.novotelgaziantep.com\/tr\/odalar-suitler\/\",\"url\":\"https:\/\/www.novotelgaziantep.com\/tr\/odalar-suitler\/\",\"name\":\"Odalar & Suitler - Novotel Gaziantep\",\"isPartOf\":{\"@id\":\"https:\/\/www.novotelgaziantep.com\/tr\/#website\"},\"datePublished\":\"2023-07-10T13:32:10+00:00\",\"dateModified\":\"2023-07-10T13:41:37+00:00\",\"description\":\"Modern dekorun ve ergonomik konforun keyfini \u00e7\u0131kar\u0131n, Novotel Gaziantep Rooms &amp; Suites ferah ve konaklamalar\u0131n\u0131z i\u00e7in g\u00fczel bir \u015fekilde tasarlanm\u0131\u015ft\u0131r..\",\"breadcrumb\":{\"@id\":\"https:\/\/www.novotelgaziantep.com\/tr\/odalar-suitler\/#breadcrumb\"},\"inLanguage\":\"tr\",\"potentialAction\":[{\"@type\":\"ReadAction\",\"target\":[\"https:\/\/www.novotelgaziantep.com\/tr\/odalar-suitler\/\"]}]},{\"@type\":\"BreadcrumbList\",\"@id\":\"https:\/\/www.novotelgaziantep.com\/tr\/odalar-suitler\/#breadcrumb\",\"itemListElement\":[{\"@type\":\"ListItem\",\"position\":1,\"name\":\"Home\",\"item\":\"https:\/\/www.novotelgaziantep.com\/tr\/\"},{\"@type\":\"ListItem\",\"position\":2,\"name\":\"Odalar &#038; Suitler\"}]},{\"@type\":\"WebSite\",\"@id\":\"https:\/\/www.novotelgaziantep.com\/tr\/#website\",\"url\":\"https:\/\/www.novotelgaziantep.com\/tr\/\",\"name\":\"Novotel Gaziantep\",\"description\":\"\",\"potentialAction\":[{\"@type\":\"SearchAction\",\"target\":{\"@type\":\"EntryPoint\",\"urlTemplate\":\"https:\/\/www.novotelgaziantep.com\/tr\/?s={search_term_string}\"},\"query-input\":{\"@type\":\"PropertyValueSpecification\",\"valueRequired\":true,\"valueName\":\"search_term_string\"}}],\"inLanguage\":\"tr\"}]}<\/script>\n<!-- \/ Yoast SEO plugin. -->","yoast_head_json":{"title":"Odalar & Suitler - Novotel Gaziantep","description":"Modern dekorun ve ergonomik konforun keyfini \u00e7\u0131kar\u0131n, Novotel Gaziantep Rooms &amp; Suites ferah ve konaklamalar\u0131n\u0131z i\u00e7in g\u00fczel bir \u015fekilde tasarlanm\u0131\u015ft\u0131r..","robots":{"index":"index","follow":"follow","max-snippet":"max-snippet:-1","max-image-preview":"max-image-preview:large","max-video-preview":"max-video-preview:-1"},"canonical":"https:\/\/www.novotelgaziantep.com\/tr\/odalar-suitler\/","og_locale":"tr_TR","og_type":"article","og_title":"Odalar & Suitler - Novotel Gaziantep","og_description":"Modern dekorun ve ergonomik konforun keyfini \u00e7\u0131kar\u0131n, Novotel Gaziantep Rooms &amp; Suites ferah ve konaklamalar\u0131n\u0131z i\u00e7in g\u00fczel bir \u015fekilde tasarlanm\u0131\u015ft\u0131r..","og_url":"https:\/\/www.novotelgaziantep.com\/tr\/odalar-suitler\/","og_site_name":"Novotel Gaziantep","article_modified_time":"2023-07-10T13:41:37+00:00","twitter_card":"summary_large_image","schema":{"@context":"https:\/\/schema.org","@graph":[{"@type":"WebPage","@id":"https:\/\/www.novotelgaziantep.com\/tr\/odalar-suitler\/","url":"https:\/\/www.novotelgaziantep.com\/tr\/odalar-suitler\/","name":"Odalar & Suitler - Novotel Gaziantep","isPartOf":{"@id":"https:\/\/www.novotelgaziantep.com\/tr\/#website"},"datePublished":"2023-07-10T13:32:10+00:00","dateModified":"2023-07-10T13:41:37+00:00","description":"Modern dekorun ve ergonomik konforun keyfini \u00e7\u0131kar\u0131n, Novotel Gaziantep Rooms &amp; Suites ferah ve konaklamalar\u0131n\u0131z i\u00e7in g\u00fczel bir \u015fekilde tasarlanm\u0131\u015ft\u0131r..","breadcrumb":{"@id":"https:\/\/www.novotelgaziantep.com\/tr\/odalar-suitler\/#breadcrumb"},"inLanguage":"tr","potentialAction":[{"@type":"ReadAction","target":["https:\/\/www.novotelgaziantep.com\/tr\/odalar-suitler\/"]}]},{"@type":"BreadcrumbList","@id":"https:\/\/www.novotelgaziantep.com\/tr\/odalar-suitler\/#breadcrumb","itemListElement":[{"@type":"ListItem","position":1,"name":"Home","item":"https:\/\/www.novotelgaziantep.com\/tr\/"},{"@type":"ListItem","position":2,"name":"Odalar &#038; Suitler"}]},{"@type":"WebSite","@id":"https:\/\/www.novotelgaziantep.com\/tr\/#website","url":"https:\/\/www.novotelgaziantep.com\/tr\/","name":"Novotel Gaziantep","description":"","potentialAction":[{"@type":"SearchAction","target":{"@type":"EntryPoint","urlTemplate":"https:\/\/www.novotelgaziantep.com\/tr\/?s={search_term_string}"},"query-input":{"@type":"PropertyValueSpecification","valueRequired":true,"valueName":"search_term_string"}}],"inLanguage":"tr"}]}},"_links":{"self":[{"href":"https:\/\/www.novotelgaziantep.com\/tr\/wp-json\/wp\/v2\/pages\/16","targetHints":{"allow":["GET"]}}],"collection":[{"href":"https:\/\/www.novotelgaziantep.com\/tr\/wp-json\/wp\/v2\/pages"}],"about":[{"href":"https:\/\/www.novotelgaziantep.com\/tr\/wp-json\/wp\/v2\/types\/page"}],"author":[{"embeddable":true,"href":"https:\/\/www.novotelgaziantep.com\/tr\/wp-json\/wp\/v2\/users\/3"}],"replies":[{"embeddable":true,"href":"https:\/\/www.novotelgaziantep.com\/tr\/wp-json\/wp\/v2\/comments?post=16"}],"version-history":[{"count":0,"href":"https:\/\/www.novotelgaziantep.com\/tr\/wp-json\/wp\/v2\/pages\/16\/revisions"}],"wp:attachment":[{"href":"https:\/\/www.novotelgaziantep.com\/tr\/wp-json\/wp\/v2\/media?parent=16"}],"wp:term":[{"taxonomy":"category","embeddable":true,"href":"https:\/\/www.novotelgaziantep.com\/tr\/wp-json\/wp\/v2\/categories?post=16"}],"curies":[{"name":"wp","href":"https:\/\/api.w.org\/{rel}","templated":true}]}}