{"id":27,"date":"2023-07-10T15:08:18","date_gmt":"2023-07-10T15:08:18","guid":{"rendered":"https:\/\/novotel-gaziantep.accorv2prod.decms.eu\/?page_id=27"},"modified":"2023-07-12T14:43:52","modified_gmt":"2023-07-12T14:43:52","slug":"executive-oda","status":"publish","type":"page","link":"https:\/\/www.novotelgaziantep.com\/tr\/odalar-suitler\/executive-oda\/","title":{"rendered":"Executive Oda"},"content":{"rendered":"<p>T\u00fcm Executive odalar\u0131m\u0131zda Nespresso kahve makinesi, Smart TV, k\u00fcvet ve geli\u015fmi\u015f oda olanaklar\u0131, bornoz ve terlikler, \u00fccretsiz y\u00fcksek h\u0131zl\u0131 Wi-Fi bulunmaktad\u0131r.<\/p>\n","protected":false},"excerpt":{"rendered":"<p>T\u00fcm Executive odalar\u0131m\u0131zda Nespresso kahve makinesi, Smart TV, k\u00fcvet ve geli\u015fmi\u015f oda olanaklar\u0131, bornoz ve terlikler, \u00fccretsiz y\u00fcksek h\u0131zl\u0131 Wi-Fi bulunmaktad\u0131r.<\/p>\n","protected":false},"author":3,"featured_media":0,"parent":16,"menu_order":10,"comment_status":"closed","ping_status":"closed","template":"template-room.php","meta":{"footnotes":""},"categories":[],"class_list":["post-27","page","type-page","status-publish","hentry"],"acf":[],"yoast_head":"<!-- This site is optimized with the Yoast SEO plugin v26.9 - https:\/\/yoast.com\/product\/yoast-seo-wordpress\/ -->\n<title>Executive Oda - Novotel Gaziantep<\/title>\n<meta name=\"description\" content=\"T\u00fcm Executive odalar\u0131m\u0131zda Nespresso kahve makinesi, Smart TV, k\u00fcvet ve geli\u015fmi\u015f oda olanaklar\u0131, bornoz ve terlikler, \u00fccretsiz y\u00fcksek h\u0131zl\u0131 Wi-Fi bulunmaktad\u0131r..\" \/>\n<meta name=\"robots\" content=\"index, follow, max-snippet:-1, max-image-preview:large, max-video-preview:-1\" \/>\n<link rel=\"canonical\" href=\"https:\/\/www.novotelgaziantep.com\/tr\/odalar-suitler\/executive-oda\/\" \/>\n<meta property=\"og:locale\" content=\"tr_TR\" \/>\n<meta property=\"og:type\" content=\"article\" \/>\n<meta property=\"og:title\" content=\"Executive Oda - Novotel Gaziantep\" \/>\n<meta property=\"og:description\" content=\"T\u00fcm Executive odalar\u0131m\u0131zda Nespresso kahve makinesi, Smart TV, k\u00fcvet ve geli\u015fmi\u015f oda olanaklar\u0131, bornoz ve terlikler, \u00fccretsiz y\u00fcksek h\u0131zl\u0131 Wi-Fi bulunmaktad\u0131r..\" \/>\n<meta property=\"og:url\" content=\"https:\/\/www.novotelgaziantep.com\/tr\/odalar-suitler\/executive-oda\/\" \/>\n<meta property=\"og:site_name\" content=\"Novotel Gaziantep\" \/>\n<meta property=\"article:modified_time\" content=\"2023-07-12T14:43:52+00:00\" \/>\n<meta name=\"twitter:card\" content=\"summary_large_image\" \/>\n<script type=\"application\/ld+json\" class=\"yoast-schema-graph\">{\"@context\":\"https:\/\/schema.org\",\"@graph\":[{\"@type\":\"WebPage\",\"@id\":\"https:\/\/www.novotelgaziantep.com\/tr\/odalar-suitler\/executive-oda\/\",\"url\":\"https:\/\/www.novotelgaziantep.com\/tr\/odalar-suitler\/executive-oda\/\",\"name\":\"Executive Oda - Novotel Gaziantep\",\"isPartOf\":{\"@id\":\"https:\/\/www.novotelgaziantep.com\/tr\/#website\"},\"datePublished\":\"2023-07-10T15:08:18+00:00\",\"dateModified\":\"2023-07-12T14:43:52+00:00\",\"description\":\"T\u00fcm Executive odalar\u0131m\u0131zda Nespresso kahve makinesi, Smart TV, k\u00fcvet ve geli\u015fmi\u015f oda olanaklar\u0131, bornoz ve terlikler, \u00fccretsiz y\u00fcksek h\u0131zl\u0131 Wi-Fi bulunmaktad\u0131r..\",\"breadcrumb\":{\"@id\":\"https:\/\/www.novotelgaziantep.com\/tr\/odalar-suitler\/executive-oda\/#breadcrumb\"},\"inLanguage\":\"tr\",\"potentialAction\":[{\"@type\":\"ReadAction\",\"target\":[\"https:\/\/www.novotelgaziantep.com\/tr\/odalar-suitler\/executive-oda\/\"]}]},{\"@type\":\"BreadcrumbList\",\"@id\":\"https:\/\/www.novotelgaziantep.com\/tr\/odalar-suitler\/executive-oda\/#breadcrumb\",\"itemListElement\":[{\"@type\":\"ListItem\",\"position\":1,\"name\":\"Home\",\"item\":\"https:\/\/www.novotelgaziantep.com\/tr\/\"},{\"@type\":\"ListItem\",\"position\":2,\"name\":\"Odalar &#038; Suitler\",\"item\":\"https:\/\/www.novotelgaziantep.com\/tr\/odalar-suitler\/\"},{\"@type\":\"ListItem\",\"position\":3,\"name\":\"Executive Oda\"}]},{\"@type\":\"WebSite\",\"@id\":\"https:\/\/www.novotelgaziantep.com\/tr\/#website\",\"url\":\"https:\/\/www.novotelgaziantep.com\/tr\/\",\"name\":\"Novotel Gaziantep\",\"description\":\"\",\"potentialAction\":[{\"@type\":\"SearchAction\",\"target\":{\"@type\":\"EntryPoint\",\"urlTemplate\":\"https:\/\/www.novotelgaziantep.com\/tr\/?s={search_term_string}\"},\"query-input\":{\"@type\":\"PropertyValueSpecification\",\"valueRequired\":true,\"valueName\":\"search_term_string\"}}],\"inLanguage\":\"tr\"}]}<\/script>\n<!-- \/ Yoast SEO plugin. -->","yoast_head_json":{"title":"Executive Oda - Novotel Gaziantep","description":"T\u00fcm Executive odalar\u0131m\u0131zda Nespresso kahve makinesi, Smart TV, k\u00fcvet ve geli\u015fmi\u015f oda olanaklar\u0131, bornoz ve terlikler, \u00fccretsiz y\u00fcksek h\u0131zl\u0131 Wi-Fi bulunmaktad\u0131r..","robots":{"index":"index","follow":"follow","max-snippet":"max-snippet:-1","max-image-preview":"max-image-preview:large","max-video-preview":"max-video-preview:-1"},"canonical":"https:\/\/www.novotelgaziantep.com\/tr\/odalar-suitler\/executive-oda\/","og_locale":"tr_TR","og_type":"article","og_title":"Executive Oda - Novotel Gaziantep","og_description":"T\u00fcm Executive odalar\u0131m\u0131zda Nespresso kahve makinesi, Smart TV, k\u00fcvet ve geli\u015fmi\u015f oda olanaklar\u0131, bornoz ve terlikler, \u00fccretsiz y\u00fcksek h\u0131zl\u0131 Wi-Fi bulunmaktad\u0131r..","og_url":"https:\/\/www.novotelgaziantep.com\/tr\/odalar-suitler\/executive-oda\/","og_site_name":"Novotel Gaziantep","article_modified_time":"2023-07-12T14:43:52+00:00","twitter_card":"summary_large_image","schema":{"@context":"https:\/\/schema.org","@graph":[{"@type":"WebPage","@id":"https:\/\/www.novotelgaziantep.com\/tr\/odalar-suitler\/executive-oda\/","url":"https:\/\/www.novotelgaziantep.com\/tr\/odalar-suitler\/executive-oda\/","name":"Executive Oda - Novotel Gaziantep","isPartOf":{"@id":"https:\/\/www.novotelgaziantep.com\/tr\/#website"},"datePublished":"2023-07-10T15:08:18+00:00","dateModified":"2023-07-12T14:43:52+00:00","description":"T\u00fcm Executive odalar\u0131m\u0131zda Nespresso kahve makinesi, Smart TV, k\u00fcvet ve geli\u015fmi\u015f oda olanaklar\u0131, bornoz ve terlikler, \u00fccretsiz y\u00fcksek h\u0131zl\u0131 Wi-Fi bulunmaktad\u0131r..","breadcrumb":{"@id":"https:\/\/www.novotelgaziantep.com\/tr\/odalar-suitler\/executive-oda\/#breadcrumb"},"inLanguage":"tr","potentialAction":[{"@type":"ReadAction","target":["https:\/\/www.novotelgaziantep.com\/tr\/odalar-suitler\/executive-oda\/"]}]},{"@type":"BreadcrumbList","@id":"https:\/\/www.novotelgaziantep.com\/tr\/odalar-suitler\/executive-oda\/#breadcrumb","itemListElement":[{"@type":"ListItem","position":1,"name":"Home","item":"https:\/\/www.novotelgaziantep.com\/tr\/"},{"@type":"ListItem","position":2,"name":"Odalar &#038; Suitler","item":"https:\/\/www.novotelgaziantep.com\/tr\/odalar-suitler\/"},{"@type":"ListItem","position":3,"name":"Executive Oda"}]},{"@type":"WebSite","@id":"https:\/\/www.novotelgaziantep.com\/tr\/#website","url":"https:\/\/www.novotelgaziantep.com\/tr\/","name":"Novotel Gaziantep","description":"","potentialAction":[{"@type":"SearchAction","target":{"@type":"EntryPoint","urlTemplate":"https:\/\/www.novotelgaziantep.com\/tr\/?s={search_term_string}"},"query-input":{"@type":"PropertyValueSpecification","valueRequired":true,"valueName":"search_term_string"}}],"inLanguage":"tr"}]}},"_links":{"self":[{"href":"https:\/\/www.novotelgaziantep.com\/tr\/wp-json\/wp\/v2\/pages\/27","targetHints":{"allow":["GET"]}}],"collection":[{"href":"https:\/\/www.novotelgaziantep.com\/tr\/wp-json\/wp\/v2\/pages"}],"about":[{"href":"https:\/\/www.novotelgaziantep.com\/tr\/wp-json\/wp\/v2\/types\/page"}],"author":[{"embeddable":true,"href":"https:\/\/www.novotelgaziantep.com\/tr\/wp-json\/wp\/v2\/users\/3"}],"replies":[{"embeddable":true,"href":"https:\/\/www.novotelgaziantep.com\/tr\/wp-json\/wp\/v2\/comments?post=27"}],"version-history":[{"count":0,"href":"https:\/\/www.novotelgaziantep.com\/tr\/wp-json\/wp\/v2\/pages\/27\/revisions"}],"up":[{"embeddable":true,"href":"https:\/\/www.novotelgaziantep.com\/tr\/wp-json\/wp\/v2\/pages\/16"}],"wp:attachment":[{"href":"https:\/\/www.novotelgaziantep.com\/tr\/wp-json\/wp\/v2\/media?parent=27"}],"wp:term":[{"taxonomy":"category","embeddable":true,"href":"https:\/\/www.novotelgaziantep.com\/tr\/wp-json\/wp\/v2\/categories?post=27"}],"curies":[{"name":"wp","href":"https:\/\/api.w.org\/{rel}","templated":true}]}}